{"id":1368,"date":"2023-06-07T18:19:42","date_gmt":"2023-06-07T15:19:42","guid":{"rendered":"http:\/\/192.168.165.129\/?page_id=1368"},"modified":"2023-06-15T16:41:08","modified_gmt":"2023-06-15T13:41:08","slug":"our-services","status":"publish","type":"page","link":"https:\/\/www.profens.com.tr\/tr\/our-services\/","title":{"rendered":"H\u0130ZMETLER\u0130M\u0130Z"},"content":{"rendered":"<div data-elementor-type=\"wp-post\" data-elementor-id=\"1368\" class=\"elementor elementor-1368\">\n\t\t\t\t<div class=\"elementor-element elementor-element-b4e382b e-flex e-con-boxed e-con e-parent\" data-id=\"b4e382b\" data-element_type=\"container\" data-e-type=\"container\" data-settings=\"{&quot;background_background&quot;:&quot;classic&quot;}\">\n\t\t\t\t\t<div class=\"e-con-inner\">\n\t\t\t\t<div class=\"elementor-element elementor-element-0aee90d elementor-position-left elementor-vertical-align-middle elementor-widget elementor-widget-image-box\" data-id=\"0aee90d\" data-element_type=\"widget\" data-e-type=\"widget\" data-widget_type=\"image-box.default\">\n\t\t\t\t<div class=\"elementor-widget-container\">\n\t\t\t\t\t<div class=\"elementor-image-box-wrapper\"><figure class=\"elementor-image-box-img\"><img fetchpriority=\"high\" decoding=\"async\" width=\"671\" height=\"562\" src=\"https:\/\/www.profens.com.tr\/wp-content\/uploads\/2023\/06\/MGS-Integration.jpg\" class=\"attachment-full size-full wp-image-1679\" alt=\"\" srcset=\"https:\/\/www.profens.com.tr\/wp-content\/uploads\/2023\/06\/MGS-Integration.jpg 671w, https:\/\/www.profens.com.tr\/wp-content\/uploads\/2023\/06\/MGS-Integration-300x251.jpg 300w, https:\/\/www.profens.com.tr\/wp-content\/uploads\/2023\/06\/MGS-Integration-14x12.jpg 14w\" sizes=\"(max-width: 671px) 100vw, 671px\" \/><\/figure><div class=\"elementor-image-box-content\"><h2 class=\"elementor-image-box-title\">MGS - Ma\u011faza G\u00f6zetim Sistemi <\/h2><p class=\"elementor-image-box-description\"><br><strong><div style=\"text-align:justify\">Perakende sekt\u00f6r\u00fcnde Kay\u0131p \u00d6nleme; bir sat\u0131\u015f noktas\u0131nda \u00fcr\u00fcn, para ve sarf malzemelerinin kayb\u0131n\u0131 \u00f6nlemek i\u00e7in prosed\u00fcrlerin olu\u015fturulmas\u0131, uygulanmas\u0131 ve uygulaman\u0131n denetlenmesi faaliyetlerinin b\u00fct\u00fcn\u00fcn\u00fc kapsamaktad\u0131r. Y\u00fcksek kay\u0131p oranlar\u0131, b\u00fcy\u00fck kar kay\u0131plar\u0131na yol a\u00e7ar. Profens, karl\u0131l\u0131\u011f\u0131n\u0131 art\u0131rmak isteyen perakende zincirlerine Kay\u0131p \u00d6nleme politikalar\u0131n\u0131n olu\u015fturulmas\u0131 ve uygulaman\u0131n denetimi safhalar\u0131nda destek verir.\nG\u00fcn\u00fcm\u00fczde, perakende sekt\u00f6r\u00fcnde Kay\u0131p \u00d6nleme faaliyetlerinde en s\u0131k kullan\u0131lan teknolojiler:<br><br>\n- H\u0131rs\u0131zl\u0131k Alarm Sistemleri<br>\n- Dijital Video Kaydediciler<br>\n- POS Veri Madencili\u011fi Yaz\u0131l\u0131m\u0131<br><br>\n<div style=\"text-align:justify\">Profens provides audit services by using all three of the above-mentioned technologies at the same time. MGS is the software which Profens operates for auditing. MGS has been developed together with the R &amp; D Department of one of the leading store chains in T\u00fcrkiye. It combines data from cash registers, self-service cash registers, digital scales, handheld terminals and similar units with footage obtained from video cameras over or near these units.\n<\/p><\/div><\/div>\t\t\t\t<\/div>\n\t\t\t\t<\/div>\n\t\t\t\t\t<\/div>\n\t\t\t\t<\/div>\n\t\t<div class=\"elementor-element elementor-element-fc24a59 e-flex e-con-boxed e-con e-parent\" data-id=\"fc24a59\" data-element_type=\"container\" data-e-type=\"container\" data-settings=\"{&quot;background_background&quot;:&quot;classic&quot;}\">\n\t\t\t\t\t<div class=\"e-con-inner\">\n\t\t\t\t<div class=\"elementor-element elementor-element-06682dc elementor-position-left elementor-vertical-align-middle elementor-widget elementor-widget-image-box\" data-id=\"06682dc\" data-element_type=\"widget\" data-e-type=\"widget\" data-widget_type=\"image-box.default\">\n\t\t\t\t<div class=\"elementor-widget-container\">\n\t\t\t\t\t<div class=\"elementor-image-box-wrapper\"><figure class=\"elementor-image-box-img\"><img decoding=\"async\" width=\"616\" height=\"600\" src=\"https:\/\/www.profens.com.tr\/wp-content\/uploads\/2023\/06\/Kasa-islemleri-22-e1686750091122.png\" class=\"attachment-full size-full wp-image-1572\" alt=\"\" srcset=\"https:\/\/www.profens.com.tr\/wp-content\/uploads\/2023\/06\/Kasa-islemleri-22-e1686750091122.png 616w, https:\/\/www.profens.com.tr\/wp-content\/uploads\/2023\/06\/Kasa-islemleri-22-e1686750091122-300x292.png 300w, https:\/\/www.profens.com.tr\/wp-content\/uploads\/2023\/06\/Kasa-islemleri-22-e1686750091122-12x12.png 12w\" sizes=\"(max-width: 616px) 100vw, 616px\" \/><\/figure><div class=\"elementor-image-box-content\"><h2 class=\"elementor-image-box-title\">\u00d6deme Denetimi<\/h2><p class=\"elementor-image-box-description\"><strong><div style=\"text-align:justify\">Profens, ma\u011fazalarda bulunan yazar kasa ve self-servis kasalar ile restoran, kafe, akaryak\u0131t sat\u0131\u015f istasyonu, duty-free ma\u011fazalar\u0131, eczane, kiosk gibi farkl\u0131 perakende sat\u0131\u015f noktalar\u0131ndaki kasalarda yap\u0131lan i\u015flemleri MGS \u00a9 ile inceleyerek kayba neden olan suistimalleri ve prosed\u00fcrel hatalar\u0131 tespit edebilmektedir.<\/p><\/div><\/div>\t\t\t\t<\/div>\n\t\t\t\t<\/div>\n\t\t\t\t\t<\/div>\n\t\t\t\t<\/div>\n\t\t<div class=\"elementor-element elementor-element-8452811 e-flex e-con-boxed e-con e-parent\" data-id=\"8452811\" data-element_type=\"container\" data-e-type=\"container\" data-settings=\"{&quot;background_background&quot;:&quot;classic&quot;}\">\n\t\t\t\t\t<div class=\"e-con-inner\">\n\t\t\t\t<div class=\"elementor-element elementor-element-45aaac6 elementor-position-left elementor-vertical-align-middle elementor-widget elementor-widget-image-box\" data-id=\"45aaac6\" data-element_type=\"widget\" data-e-type=\"widget\" data-widget_type=\"image-box.default\">\n\t\t\t\t<div class=\"elementor-widget-container\">\n\t\t\t\t\t<div class=\"elementor-image-box-wrapper\"><figure class=\"elementor-image-box-img\"><img decoding=\"async\" width=\"617\" height=\"562\" src=\"https:\/\/www.profens.com.tr\/wp-content\/uploads\/2023\/06\/digital-scale.png\" class=\"attachment-full size-full wp-image-1685\" alt=\"\" srcset=\"https:\/\/www.profens.com.tr\/wp-content\/uploads\/2023\/06\/digital-scale.png 617w, https:\/\/www.profens.com.tr\/wp-content\/uploads\/2023\/06\/digital-scale-300x273.png 300w, https:\/\/www.profens.com.tr\/wp-content\/uploads\/2023\/06\/digital-scale-13x12.png 13w\" sizes=\"(max-width: 617px) 100vw, 617px\" \/><\/figure><div class=\"elementor-image-box-content\"><h2 class=\"elementor-image-box-title\">Dijital Terazi Denetimi<\/h2><p class=\"elementor-image-box-description\"><strong><div style=\"text-align:justify\">Profens, dijital terazide tart\u0131lan herhangi bir Kasap, \u015eark\u00fcteri, F\u0131r\u0131n veya Bal\u0131k \u00fcr\u00fcn\u00fcn\u00fcn kasalarda kontrol edilip edilmedi\u011fini do\u011frulayabilir. Profens, servis departmanlar\u0131nda da \u00fcr\u00fcn de\u011fi\u015ftirme ve d\u00fc\u015f\u00fck a\u011f\u0131rl\u0131kland\u0131rma olaylar\u0131n\u0131 do\u011frulayabilir.<\/p><\/div><\/div>\t\t\t\t<\/div>\n\t\t\t\t<\/div>\n\t\t\t\t\t<\/div>\n\t\t\t\t<\/div>\n\t\t\t\t<\/div>","protected":false},"excerpt":{"rendered":"<p>MGS &#8211; Store Surveillance System Loss Prevention in the retail sector encompasses all the activities of establishing, implementing and auditing the implementation of procedures to prevent the loss of products, money and consumables at a point of sale. High loss rates lead to large profit losses. Profens serves those retail chains which intend to increase [&hellip;]<\/p>\n","protected":false},"author":1,"featured_media":0,"parent":0,"menu_order":0,"comment_status":"closed","ping_status":"closed","template":"","meta":{"_eb_attr":"","ocean_post_layout":"full-screen","ocean_both_sidebars_style":"","ocean_both_sidebars_content_width":0,"ocean_both_sidebars_sidebars_width":0,"ocean_sidebar":"","ocean_second_sidebar":"","ocean_disable_margins":"on","ocean_add_body_class":"","ocean_shortcode_before_top_bar":"","ocean_shortcode_after_top_bar":"","ocean_shortcode_before_header":"","ocean_shortcode_after_header":"","ocean_has_shortcode":"","ocean_shortcode_after_title":"","ocean_shortcode_before_footer_widgets":"","ocean_shortcode_after_footer_widgets":"","ocean_shortcode_before_footer_bottom":"","ocean_shortcode_after_footer_bottom":"","ocean_display_top_bar":"default","ocean_display_header":"default","ocean_header_style":"","ocean_center_header_left_menu":"","ocean_custom_header_template":"","ocean_custom_logo":0,"ocean_custom_retina_logo":0,"ocean_custom_logo_max_width":0,"ocean_custom_logo_tablet_max_width":0,"ocean_custom_logo_mobile_max_width":0,"ocean_custom_logo_max_height":0,"ocean_custom_logo_tablet_max_height":0,"ocean_custom_logo_mobile_max_height":0,"ocean_header_custom_menu":"","ocean_menu_typo_font_family":"","ocean_menu_typo_font_subset":"","ocean_menu_typo_font_size":0,"ocean_menu_typo_font_size_tablet":0,"ocean_menu_typo_font_size_mobile":0,"ocean_menu_typo_font_size_unit":"px","ocean_menu_typo_font_weight":"","ocean_menu_typo_font_weight_tablet":"","ocean_menu_typo_font_weight_mobile":"","ocean_menu_typo_transform":"","ocean_menu_typo_transform_tablet":"","ocean_menu_typo_transform_mobile":"","ocean_menu_typo_line_height":0,"ocean_menu_typo_line_height_tablet":0,"ocean_menu_typo_line_height_mobile":0,"ocean_menu_typo_line_height_unit":"","ocean_menu_typo_spacing":0,"ocean_menu_typo_spacing_tablet":0,"ocean_menu_typo_spacing_mobile":0,"ocean_menu_typo_spacing_unit":"","ocean_menu_link_color":"","ocean_menu_link_color_hover":"","ocean_menu_link_color_active":"","ocean_menu_link_background":"","ocean_menu_link_hover_background":"","ocean_menu_link_active_background":"","ocean_menu_social_links_bg":"","ocean_menu_social_hover_links_bg":"","ocean_menu_social_links_color":"","ocean_menu_social_hover_links_color":"","ocean_disable_title":"on","ocean_disable_heading":"default","ocean_post_title":"","ocean_post_subheading":"","ocean_post_title_style":"","ocean_post_title_background_color":"","ocean_post_title_background":0,"ocean_post_title_bg_image_position":"","ocean_post_title_bg_image_attachment":"","ocean_post_title_bg_image_repeat":"","ocean_post_title_bg_image_size":"","ocean_post_title_height":0,"ocean_post_title_bg_overlay":0.5,"ocean_post_title_bg_overlay_color":"","ocean_disable_breadcrumbs":"default","ocean_breadcrumbs_color":"","ocean_breadcrumbs_separator_color":"","ocean_breadcrumbs_links_color":"","ocean_breadcrumbs_links_hover_color":"","ocean_display_footer_widgets":"default","ocean_display_footer_bottom":"default","ocean_custom_footer_template":"","footnotes":""},"class_list":["post-1368","page","type-page","status-publish","hentry","entry"],"_links":{"self":[{"href":"https:\/\/www.profens.com.tr\/tr\/wp-json\/wp\/v2\/pages\/1368","targetHints":{"allow":["GET"]}}],"collection":[{"href":"https:\/\/www.profens.com.tr\/tr\/wp-json\/wp\/v2\/pages"}],"about":[{"href":"https:\/\/www.profens.com.tr\/tr\/wp-json\/wp\/v2\/types\/page"}],"author":[{"embeddable":true,"href":"https:\/\/www.profens.com.tr\/tr\/wp-json\/wp\/v2\/users\/1"}],"replies":[{"embeddable":true,"href":"https:\/\/www.profens.com.tr\/tr\/wp-json\/wp\/v2\/comments?post=1368"}],"version-history":[{"count":0,"href":"https:\/\/www.profens.com.tr\/tr\/wp-json\/wp\/v2\/pages\/1368\/revisions"}],"wp:attachment":[{"href":"https:\/\/www.profens.com.tr\/tr\/wp-json\/wp\/v2\/media?parent=1368"}],"curies":[{"name":"wp","href":"https:\/\/api.w.org\/{rel}","templated":true}]}}